{"id":3,"date":"2023-05-02T15:47:51","date_gmt":"2023-05-02T15:47:51","guid":{"rendered":"http:\/\/www.sisucoaching.fi\/?page_id=3"},"modified":"2025-06-23T13:38:28","modified_gmt":"2025-06-23T13:38:28","slug":"tietosuojaseloste","status":"publish","type":"page","link":"http:\/\/www.sisucoaching.fi\/?page_id=3","title":{"rendered":"Tietosuojaseloste"},"content":{"rendered":"\t\t<div data-elementor-type=\"wp-page\" data-elementor-id=\"3\" class=\"elementor elementor-3\">\n\t\t\t\t\t\t<section class=\"elementor-section elementor-top-section elementor-element elementor-element-eb6355 elementor-section-full_width elementor-section-height-min-height elementor-section-height-default elementor-section-items-middle wpr-particle-no wpr-jarallax-no wpr-parallax-no wpr-sticky-section-no\" data-id=\"eb6355\" data-element_type=\"section\" data-settings=\"{&quot;background_background&quot;:&quot;classic&quot;}\">\n\t\t\t\t\t\t<div class=\"elementor-container elementor-column-gap-default\">\n\t\t\t\t\t<div class=\"elementor-column elementor-col-50 elementor-top-column elementor-element elementor-element-74871507\" data-id=\"74871507\" data-element_type=\"column\">\n\t\t\t<div class=\"elementor-widget-wrap elementor-element-populated\">\n\t\t\t\t\t\t<div class=\"elementor-element elementor-element-7d9a0347 elementor-widget elementor-widget-heading\" data-id=\"7d9a0347\" data-element_type=\"widget\" data-widget_type=\"heading.default\">\n\t\t\t\t<div class=\"elementor-widget-container\">\n\t\t\t\t\t<h2 class=\"elementor-heading-title elementor-size-default\"><a href=\"http:\/\/www.sisucoaching.fi\/?page_id=8\">Sisu coaching<\/a><\/h2>\t\t\t\t<\/div>\n\t\t\t\t<\/div>\n\t\t\t\t\t<\/div>\n\t\t<\/div>\n\t\t\t\t<div class=\"elementor-column elementor-col-50 elementor-top-column elementor-element elementor-element-3de7d806\" data-id=\"3de7d806\" data-element_type=\"column\">\n\t\t\t<div class=\"elementor-widget-wrap elementor-element-populated\">\n\t\t\t\t\t\t<div class=\"elementor-element elementor-element-3ed2f478 wpr-main-menu-align-right wpr-pointer-none wpr-nav-menu-bp-tablet wpr-mobile-toggle-v4 wpr-main-menu-align--tabletleft wpr-main-menu-align--mobileleft wpr-sub-icon-caret-down wpr-sub-menu-fx-fade wpr-mobile-menu-full-width wpr-mobile-menu-item-align-center wpr-sub-divider-yes elementor-widget elementor-widget-wpr-nav-menu\" data-id=\"3ed2f478\" data-element_type=\"widget\" data-settings=\"{&quot;menu_layout&quot;:&quot;horizontal&quot;}\" data-widget_type=\"wpr-nav-menu.default\">\n\t\t\t\t<div class=\"elementor-widget-container\">\n\t\t\t\t\t<nav class=\"wpr-nav-menu-container wpr-nav-menu-horizontal\" data-trigger=\"hover\"><ul id=\"menu-1-3ed2f478\" class=\"wpr-nav-menu\"><li class=\"menu-item menu-item-type-post_type menu-item-object-page menu-item-home menu-item-63\"><a href=\"http:\/\/www.sisucoaching.fi\/\" class=\"wpr-menu-item wpr-pointer-item\">Etusivu<\/a><\/li>\n<li class=\"menu-item menu-item-type-custom menu-item-object-custom menu-item-home menu-item-64\"><a href=\"https:\/\/www.sisucoaching.fi\/#palvelut\" class=\"wpr-menu-item wpr-pointer-item\">Palvelut<\/a><\/li>\n<li class=\"menu-item menu-item-type-custom menu-item-object-custom menu-item-home menu-item-65\"><a href=\"https:\/\/www.sisucoaching.fi\/#hinnasto\" class=\"wpr-menu-item wpr-pointer-item\">Hinnasto<\/a><\/li>\n<li class=\"menu-item menu-item-type-custom menu-item-object-custom menu-item-home menu-item-66\"><a href=\"https:\/\/www.sisucoaching.fi\/#minusta\" class=\"wpr-menu-item wpr-pointer-item\">Minusta<\/a><\/li>\n<li class=\"menu-item menu-item-type-custom menu-item-object-custom menu-item-home menu-item-67\"><a href=\"https:\/\/www.sisucoaching.fi\/#ota-yhteytta\" class=\"wpr-menu-item wpr-pointer-item\">Ota yhteytt\u00e4<\/a><\/li>\n<li class=\"menu-item menu-item-type-custom menu-item-object-custom menu-item-home menu-item-247\"><a href=\"https:\/\/www.sisucoaching.fi\/#blogi\" class=\"wpr-menu-item wpr-pointer-item\">Blogi<\/a><\/li>\n<\/ul><\/nav><nav class=\"wpr-mobile-nav-menu-container\"><div class=\"wpr-mobile-toggle-wrap\"><div class=\"wpr-mobile-toggle\"><span class=\"wpr-mobile-toggle-line\"><\/span><span class=\"wpr-mobile-toggle-line\"><\/span><span class=\"wpr-mobile-toggle-line\"><\/span><\/div><\/div><ul id=\"mobile-menu-2-3ed2f478\" class=\"wpr-mobile-nav-menu\"><li class=\"menu-item menu-item-type-post_type menu-item-object-page menu-item-home menu-item-63\"><a href=\"http:\/\/www.sisucoaching.fi\/\" class=\"wpr-mobile-menu-item\">Etusivu<\/a><\/li>\n<li class=\"menu-item menu-item-type-custom menu-item-object-custom menu-item-home menu-item-64\"><a href=\"https:\/\/www.sisucoaching.fi\/#palvelut\" class=\"wpr-mobile-menu-item\">Palvelut<\/a><\/li>\n<li class=\"menu-item menu-item-type-custom menu-item-object-custom menu-item-home menu-item-65\"><a href=\"https:\/\/www.sisucoaching.fi\/#hinnasto\" class=\"wpr-mobile-menu-item\">Hinnasto<\/a><\/li>\n<li class=\"menu-item menu-item-type-custom menu-item-object-custom menu-item-home menu-item-66\"><a href=\"https:\/\/www.sisucoaching.fi\/#minusta\" class=\"wpr-mobile-menu-item\">Minusta<\/a><\/li>\n<li class=\"menu-item menu-item-type-custom menu-item-object-custom menu-item-home menu-item-67\"><a href=\"https:\/\/www.sisucoaching.fi\/#ota-yhteytta\" class=\"wpr-mobile-menu-item\">Ota yhteytt\u00e4<\/a><\/li>\n<li class=\"menu-item menu-item-type-custom menu-item-object-custom menu-item-home menu-item-247\"><a href=\"https:\/\/www.sisucoaching.fi\/#blogi\" class=\"wpr-mobile-menu-item\">Blogi<\/a><\/li>\n<\/ul><\/nav>\t\t\t\t<\/div>\n\t\t\t\t<\/div>\n\t\t\t\t\t<\/div>\n\t\t<\/div>\n\t\t\t\t\t<\/div>\n\t\t<\/section>\n\t\t\t\t<section class=\"elementor-section elementor-top-section elementor-element elementor-element-35a5da20 elementor-section-boxed elementor-section-height-default elementor-section-height-default wpr-particle-no wpr-jarallax-no wpr-parallax-no wpr-sticky-section-no\" data-id=\"35a5da20\" data-element_type=\"section\">\n\t\t\t\t\t\t<div class=\"elementor-container elementor-column-gap-default\">\n\t\t\t\t\t<div class=\"elementor-column elementor-col-100 elementor-top-column elementor-element elementor-element-1f7f3ff8\" data-id=\"1f7f3ff8\" data-element_type=\"column\">\n\t\t\t<div class=\"elementor-widget-wrap elementor-element-populated\">\n\t\t\t\t\t\t<div class=\"elementor-element elementor-element-9772f99 elementor-widget elementor-widget-heading\" data-id=\"9772f99\" data-element_type=\"widget\" data-widget_type=\"heading.default\">\n\t\t\t\t<div class=\"elementor-widget-container\">\n\t\t\t\t\t<h2 class=\"elementor-heading-title elementor-size-default\">Tietosuojaseloste<\/h2>\t\t\t\t<\/div>\n\t\t\t\t<\/div>\n\t\t\t\t<div class=\"elementor-element elementor-element-654e150 elementor-widget elementor-widget-text-editor\" data-id=\"654e150\" data-element_type=\"widget\" data-widget_type=\"text-editor.default\">\n\t\t\t\t<div class=\"elementor-widget-container\">\n\t\t\t\t\t\t\t\t\t<p class=\"MsoNormal\" style=\"margin: 0cm 0cm 8pt; line-height: 15.693334px; font-size: 11pt; font-family: Calibri, sans-serif; caret-color: #000000; color: #000000;\"><b><span style=\"font-size: 14pt; line-height: 19.973333px; font-family: Garamond, serif;\">Asiakas \u2013 ja markkinointirekisterin tietosuojaseloste\u00a0<\/span><\/b><\/p><p class=\"MsoNormal\" style=\"margin: 0cm 0cm 8pt; line-height: 15.693334px; font-size: 11pt; font-family: Calibri, sans-serif; caret-color: #000000; color: #000000;\"><span style=\"font-family: Garamond, serif;\">\u00a0<\/span><\/p><h1 style=\"margin: 18pt 0cm 12pt; line-height: 19.973333px; break-after: avoid; font-size: 14pt; font-family: Calibri, sans-serif; caret-color: #000000; color: #000000; font-style: normal; text-transform: none;\"><span style=\"font-size: 12pt; line-height: 17.120001px; font-family: Garamond, serif;\">Rekisterinpit\u00e4j\u00e4<\/span><\/h1><p class=\"MsoNormal\" style=\"margin: 0cm 0cm 8pt; line-height: 15.693334px; font-size: 11pt; font-family: Calibri, sans-serif; caret-color: #000000; color: #000000;\"><span style=\"font-family: Garamond, serif;\">FysioSisu<\/span><\/p><p class=\"MsoNormal\" style=\"margin: 0cm 0cm 8pt; line-height: 15.693334px; font-size: 11pt; font-family: Calibri, sans-serif; caret-color: #000000; color: #000000;\"><span style=\"font-family: Garamond, serif;\">Y-tunnus:2495181-2<br \/>Tiilitehtaantie 2, 40200 Jyv\u00e4skyl\u00e4\u00a0<\/span><\/p><p class=\"MsoNormal\" style=\"margin: 0cm 0cm 8pt; line-height: 15.693334px; font-size: 11pt; font-family: Calibri, sans-serif; caret-color: #000000; color: #000000;\"><span style=\"font-family: Garamond, serif;\">\u00a0<\/span><\/p><p class=\"MsoNormal\" style=\"margin: 0cm 0cm 8pt; line-height: 15.693334px; font-size: 11pt; font-family: Calibri, sans-serif; caret-color: #000000; color: #000000;\"><i><span style=\"font-family: Garamond, serif;\">Yhteystiedot rekisteri\u00e4 koskevissa asioissa\u00a0<\/span><\/i><\/p><p class=\"MsoNormal\" style=\"margin: 0cm 0cm 8pt; line-height: 15.693334px; font-size: 11pt; font-family: Calibri, sans-serif; caret-color: #000000; color: #000000;\"><span style=\"font-family: Garamond, serif;\">FysioSisu<\/span><\/p><p class=\"MsoNormal\" style=\"margin: 0cm 0cm 8pt; line-height: 15.693334px; font-size: 11pt; font-family: Calibri, sans-serif; caret-color: #000000; color: #000000;\"><span style=\"font-family: Garamond, serif;\">Anne Penttinen<\/span><\/p><p class=\"MsoNormal\" style=\"margin: 0cm 0cm 8pt; line-height: 15.693334px; font-size: 11pt; font-family: Calibri, sans-serif; caret-color: #000000; color: #000000;\"><span style=\"font-family: Garamond, serif;\">Tiilitehtaantie 2, 40200 Jyv\u00e4skyl\u00e4<\/span><\/p><p class=\"MsoNormal\" style=\"margin: 0cm 0cm 8pt; line-height: 15.693334px; font-size: 11pt; font-family: Calibri, sans-serif; caret-color: #000000; color: #000000;\"><span style=\"font-family: Garamond, serif;\">0503073636<br \/>fysiosisu@gmail.com<\/span><\/p><h1 style=\"margin: 18pt 0cm 12pt; line-height: 19.973333px; break-after: avoid; font-size: 14pt; font-family: Calibri, sans-serif; caret-color: #000000; color: #000000; font-style: normal; text-transform: none;\"><span style=\"font-size: 12pt; line-height: 17.120001px; font-family: Garamond, serif;\">Rekister\u00f6idyt ja henkil\u00f6tietojen k\u00e4ytt\u00f6tarkoitus<\/span><\/h1><h1 style=\"margin: 18pt 0cm 12pt; line-height: 19.973333px; break-after: avoid; font-size: 14pt; font-family: Calibri, sans-serif; caret-color: #000000; color: #000000; font-style: normal; text-transform: none;\"><span style=\"font-size: 11pt; line-height: 15.693334px; font-family: Garamond, serif; font-weight: normal;\">Henkil\u00f6tietoja k\u00e4sitell\u00e4\u00e4n rekister\u00f6idyn asiakassuhteen sek\u00e4 suostumuksen perusteella. Henkil\u00f6tietoja k\u00e4ytet\u00e4\u00e4n vain ennalta m\u00e4\u00e4riteltyihin tarkoituksiin eli asiakassuhteiden hoitamiseen ja palveluistamme kertomiseen. Asiakasrekisteri sis\u00e4lt\u00e4\u00e4 nimen, osoitteen, s\u00e4hk\u00f6postin ja puhelinnumeron. Kaikista asiakkaista ei v\u00e4ltt\u00e4m\u00e4tt\u00e4 ole rekisteriss\u00e4 n\u00e4it\u00e4 kaikkia tietoja. Yritys ker\u00e4\u00e4 asiakastiedon asiakkaalta itselt\u00e4\u00e4n asiakassuhteen syntyess\u00e4 tai verkkolomakkeen kautta.<\/span><\/h1><p class=\"MsoNormal\" style=\"margin: 0cm 0cm 8pt; line-height: 15.693334px; font-size: 11pt; font-family: Calibri, sans-serif; caret-color: #000000; color: #000000;\"><span style=\"font-family: Garamond, serif;\">\u00a0<\/span><\/p><p class=\"MsoNormal\" style=\"margin: 0cm 0cm 8pt; line-height: 15.693334px; font-size: 11pt; font-family: Calibri, sans-serif; caret-color: #000000; color: #000000;\"><b><span style=\"font-size: 12pt; line-height: 17.120001px; font-family: Garamond, serif;\">Rekisterin suojauksen periaatteet, henkil\u00f6tietojen s\u00e4ilytysaika ja k\u00e4sittelij\u00e4t<\/span><\/b><\/p><p class=\"MsoNormal\" style=\"margin: 0cm 0cm 8pt; line-height: 15.693334px; font-size: 11pt; font-family: Calibri, sans-serif; caret-color: #000000; color: #000000;\"><span style=\"font-family: Garamond, serif;\">Rekister\u00f6ity voi tarkistaa tallentamamme henkil\u00f6tiedot. Rekister\u00f6ity voi pyyt\u00e4\u00e4 oikaisemaan h\u00e4nt\u00e4 koskevat virheelliset tai puutteelliset tiedot. Rekister\u00f6idyll\u00e4 on oikeus pyyt\u00e4\u00e4 tietojen poistamista, jos tietojen k\u00e4sittely ei ole tarpeen. Asiakkaan ja verkkosivuston k\u00e4ytt\u00e4j\u00e4n henkil\u00f6tietojen luottamuksellisuus on rekisterinpit\u00e4j\u00e4lle t\u00e4rke\u00e4\u00e4. Tietol\u00e4hde on yll\u00e4pidetty yksityisesti. Henkil\u00f6tietoja ei siirret\u00e4 EU:n tai Euroopan talousalueen ulkopuolelle.\u00a0\u00a0Tietoja ei luovuteta FysioSisun ulkopuolelle eik\u00e4 henkil\u00f6tietojen k\u00e4sittely\u00e4 ole ulkoistettu kenellek\u00e4\u00e4n toiselle taholle. Emme k\u00e4yt\u00e4 tietoja automaattiseen p\u00e4\u00e4t\u00f6ksentekoon tai profilointiin. Henkil\u00f6tietoja k\u00e4sitell\u00e4\u00e4n p\u00e4\u00e4s\u00e4\u00e4nt\u00f6isesti niin kauan, kuin asiakkuus on voimassa. Markkinointilistaltamme p\u00e4\u00e4see poistumaan itse markkinointis\u00e4hk\u00f6postissamme olevan linkin kautta.<\/span><\/p><p class=\"MsoNormal\" style=\"margin: 0cm 0cm 8pt; line-height: 15.693334px; font-size: 11pt; font-family: Calibri, sans-serif; caret-color: #000000; color: #000000;\"><span style=\"font-family: Garamond, serif;\">\u00a0<\/span><\/p>\t\t\t\t\t\t\t\t<\/div>\n\t\t\t\t<\/div>\n\t\t\t\t\t<\/div>\n\t\t<\/div>\n\t\t\t\t\t<\/div>\n\t\t<\/section>\n\t\t\t\t<\/div>\n\t\t","protected":false},"excerpt":{"rendered":"<p>Sisu coaching Etusivu Palvelut Hinnasto Minusta Ota yhteytt\u00e4 Blogi Etusivu Palvelut Hinnasto Minusta Ota yhteytt\u00e4 Blogi Tietosuojaseloste Asiakas \u2013 ja markkinointirekisterin tietosuojaseloste\u00a0 \u00a0 Rekisterinpit\u00e4j\u00e4 FysioSisu Y-tunnus:2495181-2Tiilitehtaantie 2, 40200 Jyv\u00e4skyl\u00e4\u00a0 \u00a0 Yhteystiedot rekisteri\u00e4 koskevissa asioissa\u00a0 FysioSisu Anne Penttinen Tiilitehtaantie 2, 40200 Jyv\u00e4skyl\u00e4 0503073636fysiosisu@gmail.com Rekister\u00f6idyt ja henkil\u00f6tietojen k\u00e4ytt\u00f6tarkoitus Henkil\u00f6tietoja k\u00e4sitell\u00e4\u00e4n rekister\u00f6idyn asiakassuhteen sek\u00e4 suostumuksen perusteella. Henkil\u00f6tietoja k\u00e4ytet\u00e4\u00e4n vain ennalta m\u00e4\u00e4riteltyihin tarkoituksiin eli asiakassuhteiden hoitamiseen ja palveluistamme kertomiseen. Asiakasrekisteri sis\u00e4lt\u00e4\u00e4 nimen, osoitteen, s\u00e4hk\u00f6postin ja puhelinnumeron. Kaikista asiakkaista ei v\u00e4ltt\u00e4m\u00e4tt\u00e4 ole rekisteriss\u00e4 n\u00e4it\u00e4 kaikkia tietoja. Yritys ker\u00e4\u00e4 asiakastiedon asiakkaalta itselt\u00e4\u00e4n asiakassuhteen syntyess\u00e4 tai verkkolomakkeen kautta. \u00a0 Rekisterin suojauksen periaatteet, henkil\u00f6tietojen s\u00e4ilytysaika ja k\u00e4sittelij\u00e4t Rekister\u00f6ity voi tarkistaa tallentamamme henkil\u00f6tiedot. Rekister\u00f6ity voi pyyt\u00e4\u00e4 oikaisemaan h\u00e4nt\u00e4 koskevat virheelliset tai puutteelliset tiedot. Rekister\u00f6idyll\u00e4 on oikeus pyyt\u00e4\u00e4 tietojen poistamista, jos tietojen k\u00e4sittely ei ole tarpeen. Asiakkaan ja verkkosivuston k\u00e4ytt\u00e4j\u00e4n henkil\u00f6tietojen luottamuksellisuus on rekisterinpit\u00e4j\u00e4lle t\u00e4rke\u00e4\u00e4. Tietol\u00e4hde on yll\u00e4pidetty yksityisesti. Henkil\u00f6tietoja ei siirret\u00e4 EU:n tai Euroopan talousalueen ulkopuolelle.\u00a0\u00a0Tietoja ei luovuteta FysioSisun ulkopuolelle eik\u00e4 henkil\u00f6tietojen k\u00e4sittely\u00e4 ole ulkoistettu kenellek\u00e4\u00e4n toiselle taholle. Emme k\u00e4yt\u00e4 tietoja automaattiseen p\u00e4\u00e4t\u00f6ksentekoon tai profilointiin. Henkil\u00f6tietoja k\u00e4sitell\u00e4\u00e4n p\u00e4\u00e4s\u00e4\u00e4nt\u00f6isesti niin kauan, kuin asiakkuus on voimassa. Markkinointilistaltamme p\u00e4\u00e4see poistumaan itse markkinointis\u00e4hk\u00f6postissamme olevan linkin kautta. \u00a0<\/p>\n","protected":false},"author":1,"featured_media":0,"parent":0,"menu_order":0,"comment_status":"closed","ping_status":"closed","template":"elementor_canvas","meta":{"footnotes":""},"class_list":["post-3","page","type-page","status-publish","hentry"],"_links":{"self":[{"href":"http:\/\/www.sisucoaching.fi\/index.php?rest_route=\/wp\/v2\/pages\/3","targetHints":{"allow":["GET"]}}],"collection":[{"href":"http:\/\/www.sisucoaching.fi\/index.php?rest_route=\/wp\/v2\/pages"}],"about":[{"href":"http:\/\/www.sisucoaching.fi\/index.php?rest_route=\/wp\/v2\/types\/page"}],"author":[{"embeddable":true,"href":"http:\/\/www.sisucoaching.fi\/index.php?rest_route=\/wp\/v2\/users\/1"}],"replies":[{"embeddable":true,"href":"http:\/\/www.sisucoaching.fi\/index.php?rest_route=%2Fwp%2Fv2%2Fcomments&post=3"}],"version-history":[{"count":28,"href":"http:\/\/www.sisucoaching.fi\/index.php?rest_route=\/wp\/v2\/pages\/3\/revisions"}],"predecessor-version":[{"id":381,"href":"http:\/\/www.sisucoaching.fi\/index.php?rest_route=\/wp\/v2\/pages\/3\/revisions\/381"}],"wp:attachment":[{"href":"http:\/\/www.sisucoaching.fi\/index.php?rest_route=%2Fwp%2Fv2%2Fmedia&parent=3"}],"curies":[{"name":"wp","href":"https:\/\/api.w.org\/{rel}","templated":true}]}}